{"id":103,"date":"2019-08-03T13:24:57","date_gmt":"2019-08-03T13:24:57","guid":{"rendered":"http:\/\/saleysale.com\/?page_id=103"},"modified":"2022-08-23T21:48:03","modified_gmt":"2022-08-23T21:48:03","slug":"clientes","status":"publish","type":"page","link":"https:\/\/saleysale.com\/?page_id=103","title":{"rendered":"Clientes"},"content":{"rendered":"\n<div class=\"wp-block-media-text alignwide\" style=\"grid-template-columns:43% auto\"><figure class=\"wp-block-media-text__media\"><img decoding=\"async\" loading=\"lazy\" width=\"512\" height=\"279\" src=\"http:\/\/saleysale.com\/wp-content\/uploads\/2020\/05\/ManPower.jpg\" alt=\"\" class=\"wp-image-2007 size-full\" srcset=\"https:\/\/saleysale.com\/wp-content\/uploads\/2020\/05\/ManPower.jpg 512w, https:\/\/saleysale.com\/wp-content\/uploads\/2020\/05\/ManPower-300x163.jpg 300w\" sizes=\"(max-width: 512px) 100vw, 512px\" \/><\/figure><div class=\"wp-block-media-text__content\">\n<p class=\"has-background\" style=\"background-color:#ffeebf\">Atendemos sus comedores y requerimientos de productos alimenticios de <strong>ManPowerGroup<\/strong><\/p>\n<\/div><\/div>\n\n\n\n<div class=\"wp-block-media-text alignwide\" style=\"grid-template-columns:43% auto\"><figure class=\"wp-block-media-text__media\"><img decoding=\"async\" loading=\"lazy\" width=\"1024\" height=\"653\" src=\"http:\/\/saleysale.com\/wp-content\/uploads\/2019\/08\/GYS_1-1024x653.jpg\" alt=\"\" class=\"wp-image-104 size-full\" srcset=\"https:\/\/saleysale.com\/wp-content\/uploads\/2019\/08\/GYS_1-1024x653.jpg 1024w, https:\/\/saleysale.com\/wp-content\/uploads\/2019\/08\/GYS_1-300x191.jpg 300w, https:\/\/saleysale.com\/wp-content\/uploads\/2019\/08\/GYS_1-768x490.jpg 768w, https:\/\/saleysale.com\/wp-content\/uploads\/2019\/08\/GYS_1-500x319.jpg 500w, https:\/\/saleysale.com\/wp-content\/uploads\/2019\/08\/GYS_1-600x383.jpg 600w, https:\/\/saleysale.com\/wp-content\/uploads\/2019\/08\/GYS_1.jpg 1140w\" sizes=\"(max-width: 1024px) 100vw, 1024px\" \/><\/figure><div class=\"wp-block-media-text__content\">\n<p class=\"has-background\" style=\"background-color:#ffeebf\">Estamos presentes en Lima y todos los departamentos del Per\u00fa en donde <strong>GyS Control Industrial <\/strong>lleva a cabo la realizaci\u00f3n de sus proyectos de automatizaci\u00f3n brindando abastecimiento y alimentaci\u00f3n a todo su personal.<\/p>\n<\/div><\/div>\n\n\n\n<div class=\"wp-block-media-text alignwide\" style=\"grid-template-columns:43% auto\"><figure class=\"wp-block-media-text__media\"><img decoding=\"async\" loading=\"lazy\" width=\"256\" height=\"129\" src=\"http:\/\/saleysale.com\/wp-content\/uploads\/2019\/08\/WhatsApp-Image-2019-08-02-at-6.36.24-PM.jpeg\" alt=\"\" class=\"wp-image-107 size-full\"\/><\/figure><div class=\"wp-block-media-text__content\">\n<p class=\"has-background\" style=\"background-color:#ffeebf\">Atendemos la alimentaci\u00f3n diaria del personal de <strong>SOFTIA<\/strong> en la ciudad de Arequipa con la m\u00e1s alta calidad y garant\u00eda.<\/p>\n<\/div><\/div>\n\n\n\n<div class=\"wp-block-media-text alignwide\" style=\"grid-template-columns:43% auto\"><figure class=\"wp-block-media-text__media\"><img decoding=\"async\" loading=\"lazy\" width=\"600\" height=\"561\" src=\"http:\/\/saleysale.com\/wp-content\/uploads\/2019\/08\/hroeca.png\" alt=\"\" class=\"wp-image-105 size-full\" srcset=\"https:\/\/saleysale.com\/wp-content\/uploads\/2019\/08\/hroeca.png 600w, https:\/\/saleysale.com\/wp-content\/uploads\/2019\/08\/hroeca-300x281.png 300w, https:\/\/saleysale.com\/wp-content\/uploads\/2019\/08\/hroeca-500x468.png 500w\" sizes=\"(max-width: 600px) 100vw, 600px\" \/><\/figure><div class=\"wp-block-media-text__content\">\n<p class=\"has-background\" style=\"background-color:#ffeebf\">Atenci\u00f3n <strong>HORECA <\/strong>en los mejores hoteles y restaurantes a nivel sur del Per\u00fa. <\/p>\n<\/div><\/div>\n\n\n\n<div class=\"wp-block-media-text alignwide\" style=\"grid-template-columns:43% auto\"><figure class=\"wp-block-media-text__media\"><img decoding=\"async\" loading=\"lazy\" width=\"548\" height=\"196\" src=\"http:\/\/saleysale.com\/wp-content\/uploads\/2022\/08\/logo-vulk1.png\" alt=\"\" class=\"wp-image-2016 size-full\" srcset=\"https:\/\/saleysale.com\/wp-content\/uploads\/2022\/08\/logo-vulk1.png 548w, https:\/\/saleysale.com\/wp-content\/uploads\/2022\/08\/logo-vulk1-300x107.png 300w\" sizes=\"(max-width: 548px) 100vw, 548px\" \/><\/figure><div class=\"wp-block-media-text__content\">\n<p class=\"has-background\" style=\"background-color:#ffeebf\">Atendemos los requerimientos de insumos de alimentos y refrigerios para subidas a mina de Vulk Engineering. <\/p>\n\n\n\n<p><\/p>\n<\/div><\/div>\n\n\n\n<div class=\"wp-block-media-text alignwide\" style=\"grid-template-columns:43% auto\"><figure class=\"wp-block-media-text__media\"><img decoding=\"async\" loading=\"lazy\" width=\"757\" height=\"377\" src=\"http:\/\/saleysale.com\/wp-content\/uploads\/2022\/08\/MineraBateaslogo.png\" alt=\"\" class=\"wp-image-2018 size-full\" srcset=\"https:\/\/saleysale.com\/wp-content\/uploads\/2022\/08\/MineraBateaslogo.png 757w, https:\/\/saleysale.com\/wp-content\/uploads\/2022\/08\/MineraBateaslogo-300x149.png 300w, https:\/\/saleysale.com\/wp-content\/uploads\/2022\/08\/MineraBateaslogo-600x299.png 600w\" sizes=\"(max-width: 757px) 100vw, 757px\" \/><\/figure><div class=\"wp-block-media-text__content\">\n<p class=\"has-background\" style=\"background-color:#ffeebf\">Somos un proveedor estrat\u00e9gico para el abastecimiento de suministros diversos.<\/p>\n\n\n\n<p><\/p>\n<\/div><\/div>\n","protected":false},"excerpt":{"rendered":"<p>Atendemos sus comedores y requerimientos de productos alimenticios de ManPowerGroup Estamos presentes en Lima y todos los departamentos del Per\u00fa en donde GyS Control Industrial lleva a cabo la realizaci\u00f3n de sus proyectos de automatizaci\u00f3n brindando abastecimiento y alimentaci\u00f3n a todo su personal. Atendemos la alimentaci\u00f3n diaria del personal de SOFTIA en la ciudad de &#8230; <a title=\"Clientes\" class=\"read-more\" href=\"https:\/\/saleysale.com\/?page_id=103\">Read more<span class=\"screen-reader-text\">Clientes<\/span><\/a><\/p>\n","protected":false},"author":1,"featured_media":0,"parent":0,"menu_order":0,"comment_status":"closed","ping_status":"closed","template":"","meta":{"_monsterinsights_skip_tracking":false,"_monsterinsights_sitenote_active":false,"_monsterinsights_sitenote_note":"","_monsterinsights_sitenote_category":0},"yoast_head":"<!-- This site is optimized with the Yoast SEO plugin v15.4 - https:\/\/yoast.com\/wordpress\/plugins\/seo\/ -->\n<title>Clientes - Sale&amp;Sale<\/title>\n<meta name=\"robots\" content=\"index, follow, max-snippet:-1, max-image-preview:large, max-video-preview:-1\" \/>\n<link rel=\"canonical\" href=\"https:\/\/saleysale.com\/?page_id=103\" \/>\n<meta property=\"og:locale\" content=\"es_ES\" \/>\n<meta property=\"og:type\" content=\"article\" \/>\n<meta property=\"og:title\" content=\"Clientes - Sale&amp;Sale\" \/>\n<meta property=\"og:description\" content=\"Atendemos sus comedores y requerimientos de productos alimenticios de ManPowerGroup Estamos presentes en Lima y todos los departamentos del Per\u00fa en donde GyS Control Industrial lleva a cabo la realizaci\u00f3n de sus proyectos de automatizaci\u00f3n brindando abastecimiento y alimentaci\u00f3n a todo su personal. Atendemos la alimentaci\u00f3n diaria del personal de SOFTIA en la ciudad de ... Read moreClientes\" \/>\n<meta property=\"og:url\" content=\"https:\/\/saleysale.com\/?page_id=103\" \/>\n<meta property=\"og:site_name\" content=\"Sale&amp;Sale\" \/>\n<meta property=\"article:modified_time\" content=\"2022-08-23T21:48:03+00:00\" \/>\n<meta property=\"og:image\" content=\"http:\/\/saleysale.com\/wp-content\/uploads\/2020\/05\/ManPower.jpg\" \/>\n<meta name=\"twitter:card\" content=\"summary_large_image\" \/>\n<meta name=\"twitter:label1\" content=\"Escrito por\">\n\t<meta name=\"twitter:data1\" content=\"rsihuayro\">\n\t<meta name=\"twitter:label2\" content=\"Tiempo de lectura\">\n\t<meta name=\"twitter:data2\" content=\"0 minutos\">\n<script type=\"application\/ld+json\" class=\"yoast-schema-graph\">{\"@context\":\"https:\/\/schema.org\",\"@graph\":[{\"@type\":\"Organization\",\"@id\":\"https:\/\/saleysale.com\/#organization\",\"name\":\"SALE&SALE\",\"url\":\"https:\/\/saleysale.com\/\",\"sameAs\":[],\"logo\":{\"@type\":\"ImageObject\",\"@id\":\"https:\/\/saleysale.com\/#logo\",\"inLanguage\":\"es\",\"url\":\"https:\/\/saleysale.com\/wp-content\/uploads\/2019\/08\/entrega.png\",\"width\":700,\"height\":603,\"caption\":\"SALE&SALE\"},\"image\":{\"@id\":\"https:\/\/saleysale.com\/#logo\"}},{\"@type\":\"WebSite\",\"@id\":\"https:\/\/saleysale.com\/#website\",\"url\":\"https:\/\/saleysale.com\/\",\"name\":\"Sale y Sale\",\"description\":\"Lo que quieras al alcance de tus manos...\",\"publisher\":{\"@id\":\"https:\/\/saleysale.com\/#organization\"},\"potentialAction\":[{\"@type\":\"SearchAction\",\"target\":\"https:\/\/saleysale.com\/?s={search_term_string}\",\"query-input\":\"required name=search_term_string\"}],\"inLanguage\":\"es\"},{\"@type\":\"ImageObject\",\"@id\":\"https:\/\/saleysale.com\/?page_id=103#primaryimage\",\"inLanguage\":\"es\",\"url\":\"http:\/\/saleysale.com\/wp-content\/uploads\/2020\/05\/ManPower.jpg\"},{\"@type\":\"WebPage\",\"@id\":\"https:\/\/saleysale.com\/?page_id=103#webpage\",\"url\":\"https:\/\/saleysale.com\/?page_id=103\",\"name\":\"Clientes - Sale&amp;Sale\",\"isPartOf\":{\"@id\":\"https:\/\/saleysale.com\/#website\"},\"primaryImageOfPage\":{\"@id\":\"https:\/\/saleysale.com\/?page_id=103#primaryimage\"},\"datePublished\":\"2019-08-03T13:24:57+00:00\",\"dateModified\":\"2022-08-23T21:48:03+00:00\",\"inLanguage\":\"es\",\"potentialAction\":[{\"@type\":\"ReadAction\",\"target\":[\"https:\/\/saleysale.com\/?page_id=103\"]}]}]}<\/script>\n<!-- \/ Yoast SEO plugin. -->","_links":{"self":[{"href":"https:\/\/saleysale.com\/index.php?rest_route=\/wp\/v2\/pages\/103"}],"collection":[{"href":"https:\/\/saleysale.com\/index.php?rest_route=\/wp\/v2\/pages"}],"about":[{"href":"https:\/\/saleysale.com\/index.php?rest_route=\/wp\/v2\/types\/page"}],"author":[{"embeddable":true,"href":"https:\/\/saleysale.com\/index.php?rest_route=\/wp\/v2\/users\/1"}],"replies":[{"embeddable":true,"href":"https:\/\/saleysale.com\/index.php?rest_route=%2Fwp%2Fv2%2Fcomments&post=103"}],"version-history":[{"count":9,"href":"https:\/\/saleysale.com\/index.php?rest_route=\/wp\/v2\/pages\/103\/revisions"}],"predecessor-version":[{"id":2020,"href":"https:\/\/saleysale.com\/index.php?rest_route=\/wp\/v2\/pages\/103\/revisions\/2020"}],"wp:attachment":[{"href":"https:\/\/saleysale.com\/index.php?rest_route=%2Fwp%2Fv2%2Fmedia&parent=103"}],"curies":[{"name":"wp","href":"https:\/\/api.w.org\/{rel}","templated":true}]}}