{"id":23,"date":"2019-08-01T15:15:53","date_gmt":"2019-08-01T15:15:53","guid":{"rendered":"http:\/\/saleysale.com\/?page_id=23"},"modified":"2022-08-23T21:40:40","modified_gmt":"2022-08-23T21:40:40","slug":"quienes-somos","status":"publish","type":"page","link":"https:\/\/saleysale.com\/?page_id=23","title":{"rendered":"Quienes Somos"},"content":{"rendered":"\n<div class=\"wp-block-media-text alignwide is-stacked-on-mobile\" style=\"grid-template-columns:25% auto\"><figure class=\"wp-block-media-text__media\"><img decoding=\"async\" loading=\"lazy\" width=\"700\" height=\"603\" src=\"http:\/\/saleysale.com\/wp-content\/uploads\/2019\/08\/entrega.png\" alt=\"\" class=\"wp-image-63 size-full\" srcset=\"https:\/\/saleysale.com\/wp-content\/uploads\/2019\/08\/entrega.png 700w, https:\/\/saleysale.com\/wp-content\/uploads\/2019\/08\/entrega-300x258.png 300w, https:\/\/saleysale.com\/wp-content\/uploads\/2019\/08\/entrega-500x431.png 500w, https:\/\/saleysale.com\/wp-content\/uploads\/2019\/08\/entrega-600x517.png 600w\" sizes=\"(max-width: 700px) 100vw, 700px\" \/><\/figure><div class=\"wp-block-media-text__content\">\n<p class=\"has-drop-cap has-background\" style=\"background-color:#fbdf92\"><strong>Sale&amp;Sale<\/strong> es una empresa creada desde el 2014 en la ciudad de Arequipa-Per\u00fa con el principal prop\u00f3sito de satisfacer las necesidades de compra de insumos de todo tipo, frutas, verduras,\u00a0 carnes, abarrotes, utensilios de cocina, etc. principalmente para el abastecimiento de cocinas de la mediana y gran empresa cuyo objetivo es brindar alimentaci\u00f3n a personal. El tener constante contacto con clientes y proveedores nos llevo a brindar un mejor servicio e ir creciendo es por ello que debido a la demanda en el a\u00f1o 2015 iniciamos operaciones en la ciudad de Lima en donde venimos trabajando con bastante \u00e9xito.\u00a0 En este 2019 nuestro objetivo es masificar el servicio a nivel nacional por lo que gracias a la inyecci\u00f3n de capital proveniente de socios estrat\u00e9gicos pronto se tendr\u00e1n grandes noticias de Sale&amp;Sale\u00a0   <\/p>\n<\/div><\/div>\n","protected":false},"excerpt":{"rendered":"<p>Sale&amp;Sale es una empresa creada desde el 2014 en la ciudad de Arequipa-Per\u00fa con el principal prop\u00f3sito de satisfacer las necesidades de compra de insumos de todo tipo, frutas, verduras,\u00a0 carnes, abarrotes, utensilios de cocina, etc. principalmente para el abastecimiento de cocinas de la mediana y gran empresa cuyo objetivo es brindar alimentaci\u00f3n a personal. &#8230; <a title=\"Quienes Somos\" class=\"read-more\" href=\"https:\/\/saleysale.com\/?page_id=23\">Read more<span class=\"screen-reader-text\">Quienes Somos<\/span><\/a><\/p>\n","protected":false},"author":1,"featured_media":0,"parent":0,"menu_order":0,"comment_status":"closed","ping_status":"closed","template":"","meta":{"_monsterinsights_skip_tracking":false,"_monsterinsights_sitenote_active":false,"_monsterinsights_sitenote_note":"","_monsterinsights_sitenote_category":0},"yoast_head":"<!-- This site is optimized with the Yoast SEO plugin v15.4 - https:\/\/yoast.com\/wordpress\/plugins\/seo\/ -->\n<title>Quienes Somos - Sale&amp;Sale<\/title>\n<meta name=\"robots\" content=\"index, follow, max-snippet:-1, max-image-preview:large, max-video-preview:-1\" \/>\n<link rel=\"canonical\" href=\"https:\/\/saleysale.com\/?page_id=23\" \/>\n<meta property=\"og:locale\" content=\"es_ES\" \/>\n<meta property=\"og:type\" content=\"article\" \/>\n<meta property=\"og:title\" content=\"Quienes Somos - Sale&amp;Sale\" \/>\n<meta property=\"og:description\" content=\"Sale&amp;Sale es una empresa creada desde el 2014 en la ciudad de Arequipa-Per\u00fa con el principal prop\u00f3sito de satisfacer las necesidades de compra de insumos de todo tipo, frutas, verduras,\u00a0 carnes, abarrotes, utensilios de cocina, etc. principalmente para el abastecimiento de cocinas de la mediana y gran empresa cuyo objetivo es brindar alimentaci\u00f3n a personal. ... Read moreQuienes Somos\" \/>\n<meta property=\"og:url\" content=\"https:\/\/saleysale.com\/?page_id=23\" \/>\n<meta property=\"og:site_name\" content=\"Sale&amp;Sale\" \/>\n<meta property=\"article:modified_time\" content=\"2022-08-23T21:40:40+00:00\" \/>\n<meta property=\"og:image\" content=\"http:\/\/saleysale.com\/wp-content\/uploads\/2019\/08\/entrega.png\" \/>\n<meta name=\"twitter:card\" content=\"summary_large_image\" \/>\n<meta name=\"twitter:label1\" content=\"Escrito por\">\n\t<meta name=\"twitter:data1\" content=\"rsihuayro\">\n\t<meta name=\"twitter:label2\" content=\"Tiempo de lectura\">\n\t<meta name=\"twitter:data2\" content=\"1 minuto\">\n<script type=\"application\/ld+json\" class=\"yoast-schema-graph\">{\"@context\":\"https:\/\/schema.org\",\"@graph\":[{\"@type\":\"Organization\",\"@id\":\"https:\/\/saleysale.com\/#organization\",\"name\":\"SALE&SALE\",\"url\":\"https:\/\/saleysale.com\/\",\"sameAs\":[],\"logo\":{\"@type\":\"ImageObject\",\"@id\":\"https:\/\/saleysale.com\/#logo\",\"inLanguage\":\"es\",\"url\":\"https:\/\/saleysale.com\/wp-content\/uploads\/2019\/08\/entrega.png\",\"width\":700,\"height\":603,\"caption\":\"SALE&SALE\"},\"image\":{\"@id\":\"https:\/\/saleysale.com\/#logo\"}},{\"@type\":\"WebSite\",\"@id\":\"https:\/\/saleysale.com\/#website\",\"url\":\"https:\/\/saleysale.com\/\",\"name\":\"Sale y Sale\",\"description\":\"Lo que quieras al alcance de tus manos...\",\"publisher\":{\"@id\":\"https:\/\/saleysale.com\/#organization\"},\"potentialAction\":[{\"@type\":\"SearchAction\",\"target\":\"https:\/\/saleysale.com\/?s={search_term_string}\",\"query-input\":\"required name=search_term_string\"}],\"inLanguage\":\"es\"},{\"@type\":\"ImageObject\",\"@id\":\"https:\/\/saleysale.com\/?page_id=23#primaryimage\",\"inLanguage\":\"es\",\"url\":\"http:\/\/saleysale.com\/wp-content\/uploads\/2019\/08\/entrega.png\"},{\"@type\":\"WebPage\",\"@id\":\"https:\/\/saleysale.com\/?page_id=23#webpage\",\"url\":\"https:\/\/saleysale.com\/?page_id=23\",\"name\":\"Quienes Somos - Sale&amp;Sale\",\"isPartOf\":{\"@id\":\"https:\/\/saleysale.com\/#website\"},\"primaryImageOfPage\":{\"@id\":\"https:\/\/saleysale.com\/?page_id=23#primaryimage\"},\"datePublished\":\"2019-08-01T15:15:53+00:00\",\"dateModified\":\"2022-08-23T21:40:40+00:00\",\"inLanguage\":\"es\",\"potentialAction\":[{\"@type\":\"ReadAction\",\"target\":[\"https:\/\/saleysale.com\/?page_id=23\"]}]}]}<\/script>\n<!-- \/ Yoast SEO plugin. -->","_links":{"self":[{"href":"https:\/\/saleysale.com\/index.php?rest_route=\/wp\/v2\/pages\/23"}],"collection":[{"href":"https:\/\/saleysale.com\/index.php?rest_route=\/wp\/v2\/pages"}],"about":[{"href":"https:\/\/saleysale.com\/index.php?rest_route=\/wp\/v2\/types\/page"}],"author":[{"embeddable":true,"href":"https:\/\/saleysale.com\/index.php?rest_route=\/wp\/v2\/users\/1"}],"replies":[{"embeddable":true,"href":"https:\/\/saleysale.com\/index.php?rest_route=%2Fwp%2Fv2%2Fcomments&post=23"}],"version-history":[{"count":23,"href":"https:\/\/saleysale.com\/index.php?rest_route=\/wp\/v2\/pages\/23\/revisions"}],"predecessor-version":[{"id":2011,"href":"https:\/\/saleysale.com\/index.php?rest_route=\/wp\/v2\/pages\/23\/revisions\/2011"}],"wp:attachment":[{"href":"https:\/\/saleysale.com\/index.php?rest_route=%2Fwp%2Fv2%2Fmedia&parent=23"}],"curies":[{"name":"wp","href":"https:\/\/api.w.org\/{rel}","templated":true}]}}